{"id":7971,"date":"2025-03-19T08:54:54","date_gmt":"2025-03-19T08:54:54","guid":{"rendered":"https:\/\/sloanled.eu\/datenschutzbestimmungen\/"},"modified":"2025-07-09T08:38:16","modified_gmt":"2025-07-09T08:38:16","slug":"datenschutzbestimmungen","status":"publish","type":"page","link":"https:\/\/sloanled.eu\/de\/datenschutzbestimmungen\/","title":{"rendered":"Datenschutzbestimmungen"},"content":{"rendered":"\t\t<div data-elementor-type=\"wp-page\" data-elementor-id=\"7971\" class=\"elementor elementor-7971 elementor-2573\">\n\t\t\t\t\t\t<section class=\"elementor-section elementor-top-section elementor-element elementor-element-12de1a5 elementor-section-full_width elementor-section-height-default elementor-section-height-default\" data-id=\"12de1a5\" data-element_type=\"section\" data-e-type=\"section\" data-settings=\"{&quot;jet_parallax_layout_list&quot;:[],&quot;background_background&quot;:&quot;classic&quot;}\">\n\t\t\t\t\t\t<div class=\"elementor-container elementor-column-gap-default\">\n\t\t\t\t\t<div class=\"elementor-column elementor-col-100 elementor-top-column elementor-element elementor-element-dda54d2\" data-id=\"dda54d2\" data-element_type=\"column\" data-e-type=\"column\">\n\t\t\t<div class=\"elementor-widget-wrap elementor-element-populated\">\n\t\t\t\t\t\t<div class=\"elementor-element elementor-element-3a53449 elementor-widget elementor-widget-image\" data-id=\"3a53449\" data-element_type=\"widget\" data-e-type=\"widget\" data-widget_type=\"image.default\">\n\t\t\t\t<div class=\"elementor-widget-container\">\n\t\t\t\t\t\t\t\t\t\t\t\t\t\t\t<img fetchpriority=\"high\" decoding=\"async\" width=\"800\" height=\"534\" src=\"https:\/\/sloanled.eu\/wp-content\/uploads\/2025\/03\/pexels-pixabay-60504-1024x683.jpg\" class=\"attachment-large size-large wp-image-5463\" alt=\"\" srcset=\"https:\/\/sloanled.eu\/wp-content\/uploads\/2025\/03\/pexels-pixabay-60504-1024x683.jpg 1024w, https:\/\/sloanled.eu\/wp-content\/uploads\/2025\/03\/pexels-pixabay-60504-300x200.jpg 300w, https:\/\/sloanled.eu\/wp-content\/uploads\/2025\/03\/pexels-pixabay-60504-768x512.jpg 768w, https:\/\/sloanled.eu\/wp-content\/uploads\/2025\/03\/pexels-pixabay-60504-1536x1024.jpg 1536w, https:\/\/sloanled.eu\/wp-content\/uploads\/2025\/03\/pexels-pixabay-60504-2048x1365.jpg 2048w, https:\/\/sloanled.eu\/wp-content\/uploads\/2025\/03\/pexels-pixabay-60504-600x400.jpg 600w\" sizes=\"(max-width: 800px) 100vw, 800px\" \/>\t\t\t\t\t\t\t\t\t\t\t\t\t\t\t<\/div>\n\t\t\t\t<\/div>\n\t\t\t\t\t<\/div>\n\t\t<\/div>\n\t\t\t\t\t<\/div>\n\t\t<\/section>\n\t\t\t\t<section class=\"elementor-section elementor-top-section elementor-element elementor-element-aecd239 elementor-section-boxed elementor-section-height-default elementor-section-height-default\" data-id=\"aecd239\" data-element_type=\"section\" data-e-type=\"section\" data-settings=\"{&quot;jet_parallax_layout_list&quot;:[],&quot;background_background&quot;:&quot;classic&quot;}\">\n\t\t\t\t\t\t<div class=\"elementor-container elementor-column-gap-default\">\n\t\t\t\t\t<div class=\"elementor-column elementor-col-100 elementor-top-column elementor-element elementor-element-d0ecffb\" data-id=\"d0ecffb\" data-element_type=\"column\" data-e-type=\"column\" data-settings=\"{&quot;background_background&quot;:&quot;gradient&quot;}\">\n\t\t\t<div class=\"elementor-widget-wrap elementor-element-populated\">\n\t\t\t\t\t\t<div class=\"elementor-element elementor-element-d7601f0 elementor-widget__width-auto elementor-widget elementor-widget-heading\" data-id=\"d7601f0\" data-element_type=\"widget\" data-e-type=\"widget\" data-widget_type=\"heading.default\">\n\t\t\t\t<div class=\"elementor-widget-container\">\n\t\t\t\t\t<h2 class=\"elementor-heading-title elementor-size-default\">Datenschutzbestimmungen<\/h2>\t\t\t\t<\/div>\n\t\t\t\t<\/div>\n\t\t\t\t<div class=\"elementor-element elementor-element-7f08be9 elementor-widget__width-auto elementor-widget elementor-widget-jet-ajax-search\" data-id=\"7f08be9\" data-element_type=\"widget\" data-e-type=\"widget\" data-settings=\"{&quot;results_area_columns&quot;:1}\" data-widget_type=\"jet-ajax-search.default\">\n\t\t\t\t<div class=\"elementor-widget-container\">\n\t\t\t\t\t<div class=\"elementor-jet-ajax-search jet-search\">\n\t<div class=\"jet_search_listing_grid_hidden_template\" style=\"display: none;\">\n\t\t\t<\/div>\n\n<div class=\"jet-ajax-search\" data-settings=\"{&quot;symbols_for_start_searching&quot;:2,&quot;search_by_empty_value&quot;:&quot;&quot;,&quot;submit_on_enter&quot;:&quot;&quot;,&quot;search_source&quot;:[&quot;contour&quot;,&quot;modules&quot;],&quot;search_logging&quot;:&quot;yes&quot;,&quot;search_results_url&quot;:&quot;&quot;,&quot;search_taxonomy&quot;:&quot;&quot;,&quot;include_terms_ids&quot;:[],&quot;exclude_terms_ids&quot;:[],&quot;exclude_posts_ids&quot;:[],&quot;custom_fields_source&quot;:&quot;&quot;,&quot;limit_query&quot;:5,&quot;limit_query_tablet&quot;:&quot;&quot;,&quot;limit_query_mobile&quot;:&quot;&quot;,&quot;limit_query_in_result_area&quot;:25,&quot;results_order_by&quot;:&quot;relevance&quot;,&quot;results_order&quot;:&quot;asc&quot;,&quot;sentence&quot;:&quot;yes&quot;,&quot;search_in_taxonomy&quot;:&quot;&quot;,&quot;search_in_taxonomy_source&quot;:&quot;&quot;,&quot;results_area_width_by&quot;:&quot;form&quot;,&quot;results_area_custom_width&quot;:&quot;&quot;,&quot;results_area_custom_position&quot;:&quot;&quot;,&quot;results_area_columns&quot;:1,&quot;results_area_columns_tablet&quot;:&quot;&quot;,&quot;results_area_columns_mobile&quot;:&quot;&quot;,&quot;results_area_columns_mobile_portrait&quot;:&quot;&quot;,&quot;thumbnail_visible&quot;:&quot;&quot;,&quot;thumbnail_size&quot;:&quot;&quot;,&quot;thumbnail_placeholder&quot;:&quot;&quot;,&quot;post_content_source&quot;:&quot;content&quot;,&quot;post_content_custom_field_key&quot;:&quot;&quot;,&quot;post_content_length&quot;:10,&quot;show_product_price&quot;:&quot;&quot;,&quot;show_product_rating&quot;:&quot;&quot;,&quot;show_add_to_cart&quot;:&quot;&quot;,&quot;show_result_new_tab&quot;:&quot;&quot;,&quot;highlight_searched_text&quot;:&quot;&quot;,&quot;listing_id&quot;:&quot;&quot;,&quot;bullet_pagination&quot;:&quot;&quot;,&quot;number_pagination&quot;:&quot;&quot;,&quot;navigation_arrows&quot;:&quot;in_header&quot;,&quot;navigation_arrows_type&quot;:&quot;angle&quot;,&quot;show_title_related_meta&quot;:&quot;&quot;,&quot;meta_title_related_position&quot;:&quot;&quot;,&quot;title_related_meta&quot;:&quot;&quot;,&quot;show_content_related_meta&quot;:&quot;&quot;,&quot;meta_content_related_position&quot;:&quot;&quot;,&quot;content_related_meta&quot;:&quot;&quot;,&quot;negative_search&quot;:&quot;Es tut uns leid, aber es gibt nichts, was Ihren Suchbegriffen entspricht.&quot;,&quot;server_error&quot;:&quot;Es tut uns leid, aber wir k\\u00f6nnen Ihre Suchanfrage jetzt nicht bearbeiten. Bitte versuchen Sie es sp\\u00e4ter noch einmal! &quot;,&quot;show_search_suggestions&quot;:&quot;yes&quot;,&quot;search_suggestions_position&quot;:&quot;inside_results_area&quot;,&quot;search_suggestions_source&quot;:&quot;user&quot;,&quot;search_suggestions_limits&quot;:20,&quot;search_suggestions_item_title_length&quot;:0,&quot;search_source_terms&quot;:&quot;&quot;,&quot;search_source_terms_title&quot;:&quot;&quot;,&quot;search_source_terms_icon&quot;:&quot;&quot;,&quot;search_source_terms_limit&quot;:&quot;&quot;,&quot;search_source_terms_listing_id&quot;:&quot;&quot;,&quot;search_source_terms_taxonomy&quot;:&quot;&quot;,&quot;search_source_users&quot;:&quot;&quot;,&quot;search_source_users_title&quot;:&quot;&quot;,&quot;search_source_users_icon&quot;:&quot;&quot;,&quot;search_source_users_limit&quot;:&quot;&quot;,&quot;search_source_users_listing_id&quot;:&quot;&quot;,&quot;search_source_cct_installer_projects&quot;:&quot;&quot;,&quot;search_source_cct_installer_projects_title&quot;:&quot;&quot;,&quot;search_source_cct_installer_projects_icon&quot;:&quot;&quot;,&quot;search_source_cct_installer_projects_limit&quot;:&quot;&quot;,&quot;search_source_cct_installer_projects_listing_id&quot;:&quot;&quot;,&quot;search_source_cct_installer_projects_title_field&quot;:&quot;&quot;,&quot;search_source_cct_installer_projects_url_field&quot;:&quot;&quot;,&quot;search_source_cct_notifications&quot;:&quot;&quot;,&quot;search_source_cct_notifications_title&quot;:&quot;&quot;,&quot;search_source_cct_notifications_icon&quot;:&quot;&quot;,&quot;search_source_cct_notifications_limit&quot;:&quot;&quot;,&quot;search_source_cct_notifications_listing_id&quot;:&quot;&quot;,&quot;search_source_cct_notifications_title_field&quot;:&quot;&quot;,&quot;search_source_cct_notifications_url_field&quot;:&quot;&quot;,&quot;search_source_cct_warranty_checker&quot;:&quot;&quot;,&quot;search_source_cct_warranty_checker_title&quot;:&quot;&quot;,&quot;search_source_cct_warranty_checker_icon&quot;:&quot;&quot;,&quot;search_source_cct_warranty_checker_limit&quot;:&quot;&quot;,&quot;search_source_cct_warranty_checker_listing_id&quot;:&quot;&quot;,&quot;search_source_cct_warranty_checker_title_field&quot;:&quot;&quot;,&quot;search_source_cct_warranty_checker_url_field&quot;:&quot;&quot;,&quot;search_source_cct_accessorie_details&quot;:&quot;&quot;,&quot;search_source_cct_accessorie_details_title&quot;:&quot;&quot;,&quot;search_source_cct_accessorie_details_icon&quot;:&quot;&quot;,&quot;search_source_cct_accessorie_details_limit&quot;:&quot;&quot;,&quot;search_source_cct_accessorie_details_listing_id&quot;:&quot;&quot;,&quot;search_source_cct_accessorie_details_title_field&quot;:&quot;&quot;,&quot;search_source_cct_accessorie_details_url_field&quot;:&quot;&quot;,&quot;search_source_cct_partners&quot;:&quot;&quot;,&quot;search_source_cct_partners_title&quot;:&quot;&quot;,&quot;search_source_cct_partners_icon&quot;:&quot;&quot;,&quot;search_source_cct_partners_limit&quot;:&quot;&quot;,&quot;search_source_cct_partners_listing_id&quot;:&quot;&quot;,&quot;search_source_cct_partners_title_field&quot;:&quot;&quot;,&quot;search_source_cct_partners_url_field&quot;:&quot;&quot;,&quot;search_source_cct_lamp_details&quot;:&quot;&quot;,&quot;search_source_cct_lamp_details_title&quot;:&quot;&quot;,&quot;search_source_cct_lamp_details_icon&quot;:&quot;&quot;,&quot;search_source_cct_lamp_details_limit&quot;:&quot;&quot;,&quot;search_source_cct_lamp_details_listing_id&quot;:&quot;&quot;,&quot;search_source_cct_lamp_details_title_field&quot;:&quot;&quot;,&quot;search_source_cct_lamp_details_url_field&quot;:&quot;&quot;,&quot;search_source_cct_customer_projects&quot;:&quot;&quot;,&quot;search_source_cct_customer_projects_title&quot;:&quot;&quot;,&quot;search_source_cct_customer_projects_icon&quot;:&quot;&quot;,&quot;search_source_cct_customer_projects_limit&quot;:&quot;&quot;,&quot;search_source_cct_customer_projects_listing_id&quot;:&quot;&quot;,&quot;search_source_cct_customer_projects_title_field&quot;:&quot;&quot;,&quot;search_source_cct_customer_projects_url_field&quot;:&quot;&quot;,&quot;search_source_cct_marcom_planner&quot;:&quot;&quot;,&quot;search_source_cct_marcom_planner_title&quot;:&quot;&quot;,&quot;search_source_cct_marcom_planner_icon&quot;:&quot;&quot;,&quot;search_source_cct_marcom_planner_limit&quot;:&quot;&quot;,&quot;search_source_cct_marcom_planner_listing_id&quot;:&quot;&quot;,&quot;search_source_cct_marcom_planner_title_field&quot;:&quot;&quot;,&quot;search_source_cct_marcom_planner_url_field&quot;:&quot;&quot;,&quot;search_source_cct_brands&quot;:&quot;&quot;,&quot;search_source_cct_brands_title&quot;:&quot;&quot;,&quot;search_source_cct_brands_icon&quot;:&quot;&quot;,&quot;search_source_cct_brands_limit&quot;:&quot;&quot;,&quot;search_source_cct_brands_listing_id&quot;:&quot;&quot;,&quot;search_source_cct_brands_title_field&quot;:&quot;&quot;,&quot;search_source_cct_brands_url_field&quot;:&quot;&quot;,&quot;search_source_cct_tube_details&quot;:&quot;&quot;,&quot;search_source_cct_tube_details_title&quot;:&quot;&quot;,&quot;search_source_cct_tube_details_icon&quot;:&quot;&quot;,&quot;search_source_cct_tube_details_limit&quot;:&quot;&quot;,&quot;search_source_cct_tube_details_listing_id&quot;:&quot;&quot;,&quot;search_source_cct_tube_details_title_field&quot;:&quot;&quot;,&quot;search_source_cct_tube_details_url_field&quot;:&quot;&quot;,&quot;search_source_cct_documents&quot;:&quot;&quot;,&quot;search_source_cct_documents_title&quot;:&quot;&quot;,&quot;search_source_cct_documents_icon&quot;:&quot;&quot;,&quot;search_source_cct_documents_limit&quot;:&quot;&quot;,&quot;search_source_cct_documents_listing_id&quot;:&quot;&quot;,&quot;search_source_cct_documents_title_field&quot;:&quot;&quot;,&quot;search_source_cct_documents_url_field&quot;:&quot;&quot;,&quot;search_source_cct_module_details&quot;:&quot;&quot;,&quot;search_source_cct_module_details_title&quot;:&quot;&quot;,&quot;search_source_cct_module_details_icon&quot;:&quot;&quot;,&quot;search_source_cct_module_details_limit&quot;:&quot;&quot;,&quot;search_source_cct_module_details_listing_id&quot;:&quot;&quot;,&quot;search_source_cct_module_details_title_field&quot;:&quot;&quot;,&quot;search_source_cct_module_details_url_field&quot;:&quot;&quot;,&quot;lang&quot;:&quot;de&quot;}\"><form class=\"jet-ajax-search__form\" method=\"get\" action=\"https:\/\/sloanled.eu\/de\/\" role=\"search\" target=\"\">\n\t<div class=\"jet-ajax-search__fields-holder\">\n\t\t<div class=\"jet-ajax-search__field-wrapper\">\n\t\t\t<label for=\"search-input-7f08be9\" class=\"screen-reader-text\">Search ...<\/label>\n\t\t\t\t\t\t<input id=\"search-input-7f08be9\" class=\"jet-ajax-search__field\" type=\"search\" placeholder=\"Suchen ...\" value=\"\" name=\"s\" autocomplete=\"off\" \/>\n\t\t\t\t\t\t\t<input type=\"hidden\" value=\"{&quot;search_source&quot;:[&quot;contour&quot;,&quot;modules&quot;],&quot;sentence&quot;:true}\" name=\"jet_ajax_search_settings\" \/>\n\t\t\t\t\t\t\n\t\t\t\t\t<\/div>\n\t\t\t<\/div>\n\t\n<button class=\"jet-ajax-search__submit\" type=\"submit\" aria-label=\"Search submit\"><span class=\"jet-ajax-search__submit-icon jet-ajax-search-icon\"><svg aria-hidden=\"true\" class=\"e-font-icon-svg e-fas-search\" viewBox=\"0 0 512 512\" xmlns=\"http:\/\/www.w3.org\/2000\/svg\"><path d=\"M505 442.7L405.3 343c-4.5-4.5-10.6-7-17-7H372c27.6-35.3 44-79.7 44-128C416 93.1 322.9 0 208 0S0 93.1 0 208s93.1 208 208 208c48.3 0 92.7-16.4 128-44v16.3c0 6.4 2.5 12.5 7 17l99.7 99.7c9.4 9.4 24.6 9.4 33.9 0l28.3-28.3c9.4-9.4 9.4-24.6.1-34zM208 336c-70.7 0-128-57.2-128-128 0-70.7 57.2-128 128-128 70.7 0 128 57.2 128 128 0 70.7-57.2 128-128 128z\"><\/path><\/svg><\/span><\/button>\n<\/form>\n\n<div class=\"jet-ajax-search__results-area\" >\n\t<div class=\"jet-ajax-search__results-holder\">\n\t\t\t\t\t<div class=\"jet-ajax-search__results-header\">\n\t\t\t\t\n<button class=\"jet-ajax-search__results-count\" aria-label=\"View all results\"><span><\/span> Ergebnisse<\/button>\n\t\t\t\t<div class=\"jet-ajax-search__navigation-holder\"><\/div>\n\t\t\t<\/div>\n\t\t\t\t\t\t\t<div class=\"jet-ajax-search__results-suggestions-area\">\n\t\t\t\t                    <div class=\"jet-ajax-search__results-suggestions-area-title\">Your previous searches: <\/div>\n\t\t\t\t\t\t\t\t\t\t\t<\/div>\n\t\t\t\t<div class=\"jet-ajax-search__results-list results-area-col-desk-1 results-area-col-tablet-0 results-area-col-mobile-0 results-area-col-mobile-portrait-1\" >\n\t\t\t            <div class=\"jet-ajax-search__results-list-inner \"><\/div>\n\t\t\t\t\t<\/div>\n\t\t\t\t\t<div class=\"jet-ajax-search__results-footer\">\n\t\t\t\t\t\t\t\t\t<button class=\"jet-ajax-search__full-results\">Alle Ergebnisse anzeigen<\/button>\t\t\t\t\t\t\t\t<div class=\"jet-ajax-search__navigation-holder\"><\/div>\n\t\t\t<\/div>\n\t\t\t<\/div>\n\t<div class=\"jet-ajax-search__message\"><\/div>\n\t\n<div class=\"jet-ajax-search__spinner-holder\">\n\t<div class=\"jet-ajax-search__spinner\">\n\t\t<div class=\"rect rect-1\"><\/div>\n\t\t<div class=\"rect rect-2\"><\/div>\n\t\t<div class=\"rect rect-3\"><\/div>\n\t\t<div class=\"rect rect-4\"><\/div>\n\t\t<div class=\"rect rect-5\"><\/div>\n\t<\/div>\n<\/div>\n<\/div>\n<\/div>\n<\/div>\t\t\t\t<\/div>\n\t\t\t\t<\/div>\n\t\t\t\t\t<\/div>\n\t\t<\/div>\n\t\t\t\t\t<\/div>\n\t\t<\/section>\n\t\t\t\t<section class=\"elementor-section elementor-top-section elementor-element elementor-element-91feb84 elementor-section-boxed elementor-section-height-default elementor-section-height-default\" data-id=\"91feb84\" data-element_type=\"section\" data-e-type=\"section\" data-settings=\"{&quot;jet_parallax_layout_list&quot;:[],&quot;background_background&quot;:&quot;classic&quot;}\">\n\t\t\t\t\t\t<div class=\"elementor-container elementor-column-gap-default\">\n\t\t\t\t\t<div class=\"elementor-column elementor-col-100 elementor-top-column elementor-element elementor-element-395a528\" data-id=\"395a528\" data-element_type=\"column\" data-e-type=\"column\">\n\t\t\t<div class=\"elementor-widget-wrap elementor-element-populated\">\n\t\t\t\t\t\t<div class=\"elementor-element elementor-element-f5c0720 elementor-widget elementor-widget-text-editor\" data-id=\"f5c0720\" data-element_type=\"widget\" data-e-type=\"widget\" data-widget_type=\"text-editor.default\">\n\t\t\t\t<div class=\"elementor-widget-container\">\n\t\t\t\t\t\t\t\t\t<p><strong>SloanLED Europe BV<\/strong><br>G\u00fcltig ab: 20-03-2025<\/p><p>SloanLED Europe BV (&#8222;wir&#8220;, &#8222;uns&#8220; oder &#8222;unser&#8220;) verpflichtet sich, Ihre Daten zu sch\u00fctzen. In dieser Datenschutzrichtlinie wird erl\u00e4utert, wie wir Ihre Daten erfassen, verwenden, weitergeben und sch\u00fctzen, wenn Sie unsere Website sloanled.eu besuchen. Bitte lesen Sie diese Richtlinie sorgf\u00e4ltig durch. Wenn Sie mit den Bedingungen nicht einverstanden sind, verzichten Sie bitte auf den Zugriff auf diese Website.   <\/p>\t\t\t\t\t\t\t\t<\/div>\n\t\t\t\t<\/div>\n\t\t\t\t\t<\/div>\n\t\t<\/div>\n\t\t\t\t\t<\/div>\n\t\t<\/section>\n\t\t\t\t<section class=\"elementor-section elementor-top-section elementor-element elementor-element-c1150df elementor-section-boxed elementor-section-height-default elementor-section-height-default\" data-id=\"c1150df\" data-element_type=\"section\" data-e-type=\"section\" data-settings=\"{&quot;jet_parallax_layout_list&quot;:[]}\">\n\t\t\t\t\t\t<div class=\"elementor-container elementor-column-gap-default\">\n\t\t\t\t\t<div class=\"elementor-column elementor-col-100 elementor-top-column elementor-element elementor-element-352d089\" data-id=\"352d089\" data-element_type=\"column\" data-e-type=\"column\">\n\t\t\t<div class=\"elementor-widget-wrap elementor-element-populated\">\n\t\t\t\t\t\t<div class=\"elementor-element elementor-element-457c0e0 elementor-widget elementor-widget-text-editor\" data-id=\"457c0e0\" data-element_type=\"widget\" data-e-type=\"widget\" data-widget_type=\"text-editor.default\">\n\t\t\t\t<div class=\"elementor-widget-container\">\n\t\t\t\t\t\t\t\t\t<p><strong>1. Informationen, die wir sammeln<\/strong><\/p><p>Wir k\u00f6nnen die folgenden Arten von Informationen sammeln:<\/p><ul><li>Pers\u00f6nliche Informationen: Name, E-Mail-Adresse, Telefonnummer, Firmenname und alle anderen Informationen, die Sie beim Ausf\u00fcllen von Formularen oder bei der Kontaktaufnahme mit uns freiwillig angeben.<\/li><li>Automatisierte Informationen: IP-Adresse, Browsertyp, Betriebssystem, verweisende URLs und andere automatisch erfasste technische Daten.<\/li><li>Cookies und Tracking-Technologien: Wir verwenden Cookies und \u00e4hnliche Technologien, um Ihr Erlebnis zu verbessern und den Website-Verkehr zu analysieren.<\/li><\/ul><p><strong>2. Wie wir Ihre Informationen verwenden<\/strong><\/p><p>Wir k\u00f6nnen die gesammelten Informationen f\u00fcr die folgenden Zwecke verwenden:<\/p><ul><li>Zur Bereitstellung und Verwaltung unserer Website und Dienstleistungen.<\/li><li>Beantwortung von Anfragen und Bereitstellung von Kundensupport.<\/li><li>Um die Funktionalit\u00e4t der Website und die Benutzerfreundlichkeit zu verbessern.<\/li><li>Um gesetzlichen Verpflichtungen nachzukommen und unsere Rechte zu sch\u00fctzen.<\/li><li>Zum Versenden von Newslettern, Werbeaktionen oder anderen Marketingmitteilungen (Sie k\u00f6nnen sich jederzeit abmelden).<\/li><\/ul><p><strong>3. Wie wir Ihre Informationen weitergeben<\/strong><\/p><p>Wir verkaufen oder vermieten Ihre pers\u00f6nlichen Daten nicht. Wir k\u00f6nnen Ihre Informationen jedoch weitergeben an: <\/p><ul><li>Dienstanbieter: Drittanbieter, die uns beim Betrieb unserer Website und Dienste helfen.<\/li><li>Einhaltung von Gesetzen: Wenn dies gesetzlich vorgeschrieben ist, von Aufsichtsbeh\u00f6rden oder zum Schutz unserer Rechte.<\/li><li>Unternehmens\u00fcbertragungen: Im Falle einer Fusion, \u00dcbernahme oder eines Verkaufs von Verm\u00f6genswerten.<\/li><\/ul><p><strong>4. Datensicherheit<\/strong><\/p><p>Wir ergreifen Sicherheitsma\u00dfnahmen, um Ihre Daten vor unbefugtem Zugriff, Ver\u00e4nderung, Weitergabe oder Zerst\u00f6rung zu sch\u00fctzen. Allerdings ist keine Daten\u00fcbertragung \u00fcber das Internet 100% sicher, und wir k\u00f6nnen keine absolute Sicherheit garantieren. <\/p><p><strong>5. Ihre Rechte und Wahlm\u00f6glichkeiten<\/strong><\/p><p>Sie haben das Recht dazu:<\/p><ul><li>Zugang zu den pers\u00f6nlichen Daten zu beantragen, die wir \u00fcber Sie gespeichert haben.<\/li><li>die Korrektur oder L\u00f6schung Ihrer Daten verlangen.<\/li><li>Abmeldung von Marketingmitteilungen.<\/li><li>die Datenverarbeitung einschr\u00e4nken oder ihr widersprechen.<\/li><\/ul><p>Um Ihre Rechte auszu\u00fcben, kontaktieren Sie uns bitte unter europe@sloanled.com.<\/p><p><strong>6. Links von Drittanbietern<\/strong><\/p><p>Unsere Website kann Links zu Websites Dritter enthalten. Wir sind nicht verantwortlich f\u00fcr die Datenschutzpraktiken dieser Websites. Bitte informieren Sie sich \u00fcber deren Datenschutzrichtlinien, bevor Sie Informationen bereitstellen.  <\/p><p><strong>7. \u00c4nderungen an dieser Datenschutzrichtlinie<\/strong><\/p><p>Wir k\u00f6nnen diese Richtlinie von Zeit zu Zeit aktualisieren. Alle \u00c4nderungen werden auf dieser Seite mit einem aktualisierten G\u00fcltigkeitsdatum ver\u00f6ffentlicht. <\/p><p><strong>8. Kontaktieren Sie uns<\/strong><\/p><p>Wenn Sie Fragen zu dieser Datenschutzrichtlinie haben, kontaktieren Sie uns bitte:<\/p><p><strong>SloanLED Europe BV<\/strong><br>Argonstraat 110<br>2718SN Zoetermeer<br>Die Niederlande<\/p><p>E-Mail: europe@sloanled.com<br>Telefon: +31 88 12 44 900<\/p>\t\t\t\t\t\t\t\t<\/div>\n\t\t\t\t<\/div>\n\t\t\t\t\t<\/div>\n\t\t<\/div>\n\t\t\t\t\t<\/div>\n\t\t<\/section>\n\t\t\t\t<\/div>\n\t\t","protected":false},"excerpt":{"rendered":"<p>Datenschutzbestimmungen Search &#8230; Ergebnisse Your previous searches: Alle Ergebnisse anzeigen SloanLED Europe BVG\u00fcltig ab: 20-03-2025 SloanLED Europe BV (&#8222;wir&#8220;, &#8222;uns&#8220; oder &#8222;unser&#8220;) verpflichtet sich, Ihre Daten zu sch\u00fctzen. In dieser Datenschutzrichtlinie wird erl\u00e4utert, wie wir Ihre Daten erfassen, verwenden, weitergeben und sch\u00fctzen, wenn Sie unsere Website sloanled.eu besuchen. Bitte lesen Sie diese Richtlinie sorgf\u00e4ltig durch. [&hellip;]<\/p>\n","protected":false},"author":1,"featured_media":0,"parent":0,"menu_order":0,"comment_status":"closed","ping_status":"closed","template":"elementor_header_footer","meta":{"_jf_save_progress":"","footnotes":""},"class_list":["post-7971","page","type-page","status-publish","hentry"],"_links":{"self":[{"href":"https:\/\/sloanled.eu\/de\/wp-json\/wp\/v2\/pages\/7971","targetHints":{"allow":["GET"]}}],"collection":[{"href":"https:\/\/sloanled.eu\/de\/wp-json\/wp\/v2\/pages"}],"about":[{"href":"https:\/\/sloanled.eu\/de\/wp-json\/wp\/v2\/types\/page"}],"author":[{"embeddable":true,"href":"https:\/\/sloanled.eu\/de\/wp-json\/wp\/v2\/users\/1"}],"replies":[{"embeddable":true,"href":"https:\/\/sloanled.eu\/de\/wp-json\/wp\/v2\/comments?post=7971"}],"version-history":[{"count":0,"href":"https:\/\/sloanled.eu\/de\/wp-json\/wp\/v2\/pages\/7971\/revisions"}],"wp:attachment":[{"href":"https:\/\/sloanled.eu\/de\/wp-json\/wp\/v2\/media?parent=7971"}],"curies":[{"name":"wp","href":"https:\/\/api.w.org\/{rel}","templated":true}]}}